{"id":287,"date":"2016-03-02T08:36:44","date_gmt":"2016-03-02T08:36:44","guid":{"rendered":"http:\/\/bridge8.qodeinteractive.com\/?page_id=287"},"modified":"2021-04-20T08:09:19","modified_gmt":"2021-04-20T08:09:19","slug":"services","status":"publish","type":"page","link":"http:\/\/inoximes.es\/index.php\/services\/","title":{"rendered":"Proyectos"},"content":{"rendered":"<p>[vc_row css_animation=\u00bb\u00bb row_type=\u00bbrow\u00bb use_row_as_full_screen_section=\u00bbno\u00bb type=\u00bbgrid\u00bb angled_section=\u00bbno\u00bb text_align=\u00bbcenter\u00bb background_image_as_pattern=\u00bbwithout_pattern\u00bb css=\u00bb.vc_custom_1456908710304{padding-top: 112px !important;padding-bottom: 60px !important;}\u00bb][vc_column offset=\u00bbvc_col-lg-offset-3 vc_col-lg-6&#8243;][vc_separator type=\u00bbtransparent\u00bb up=\u00bb20&#8243; down=\u00bb0&#8243;][vc_column_text]<\/p>\n<h2 style=\"text-align: center;\">Realizamos todo tipo de proyectos a medida<\/h2>\n<h3 style=\"text-align: center;\">Plant\u00e9anos tu idea y haremos realidad tus sue\u00f1os<\/h3>\n<p>[\/vc_column_text][\/vc_column][\/vc_row][vc_row css_animation=\u00bb\u00bb row_type=\u00bbrow\u00bb use_row_as_full_screen_section=\u00bbno\u00bb type=\u00bbgrid\u00bb angled_section=\u00bbno\u00bb text_align=\u00bbleft\u00bb background_image_as_pattern=\u00bbwithout_pattern\u00bb css=\u00bb.vc_custom_1458125096985{padding-bottom: 150px !important;}\u00bb][vc_column]<div class='cover_boxes' data-active-element='1'><ul class='clearfix'><li><div class='box'><a itemprop='url' class='thumb' href='http:\/\/inoximes.es\/index.php\/789-2\/' target='_self'><img itemprop='image' alt='LA LUMBRE, \ud83d\udccdLa Rioja' src='http:\/\/inoximes.es\/wp-content\/uploads\/2021\/02\/IMG_20190924_095225_577.jpg' \/><\/a><div class='box_content'><h3 >LA LUMBRE, \ud83d\udccdLa Rioja<\/h3><p >Realizamos la cocina del restaurante La Lumbre situado en la poblaci\u00f3n de Casalareina, LA RIOJA. A\u00f1o 2019<\/p><a itemprop='url' class='qbutton tiny' href='http:\/\/inoximes.es\/index.php\/789-2\/' target='_self'>VER M\u00c1S<\/a><\/div><\/div><\/li><li><div class='box'><a itemprop='url' class='thumb' href='http:\/\/inoximes.es\/index.php\/restaurante-can-ganassa\/' target='_self'><img itemprop='image' alt='CAN GANASSA \ud83d\udccdBarcelona' src='http:\/\/inoximes.es\/wp-content\/uploads\/2021\/04\/IMG_0353-1.jpg' \/><\/a><div class='box_content'><h3 >CAN GANASSA \ud83d\udccdBarcelona<\/h3><p >Realizamos la cocina del restaurante Can Ganassa situado en la ciudad de Barcelona en 2019<\/p><a itemprop='url' class='qbutton tiny' href='http:\/\/inoximes.es\/index.php\/restaurante-can-ganassa\/' target='_self'>VER M\u00c1S<\/a><\/div><\/div><\/li><li><div class='box'><a itemprop='url' class='thumb' href='http:\/\/inoximes.es\/index.php\/pepa-bar\/' target='_self'><img itemprop='image' alt='PEPA BAR \ud83d\udccdBarcelona' src='http:\/\/inoximes.es\/wp-content\/uploads\/2021\/04\/pepa-pla-2-1.jpg' \/><\/a><div class='box_content'><h3 >PEPA BAR \ud83d\udccdBarcelona<\/h3><p >Realizamos la cocina del restaurante Pepa Pla situado en la ciudad de Barcelona. A\u00f1o 2018<\/p><a itemprop='url' class='qbutton tiny' href='http:\/\/inoximes.es\/index.php\/pepa-bar\/' target='_self'>VER M\u00c1S<\/a><\/div><\/div><\/li><\/ul><\/div>[vc_separator type=\u00bbtransparent\u00bb thickness=\u00bb0&#8243; up=\u00bb0&#8243; down=\u00bb32&#8243;]<div class='cover_boxes' data-active-element='2'><ul class='clearfix'><li><div class='box'><a itemprop='url' class='thumb' href='http:\/\/inoximes.es\/index.php\/cometa-pla\/' target='_self'><img itemprop='image' alt='Cometa Pla, \ud83d\udccdBarcelona' src='http:\/\/inoximes.es\/wp-content\/uploads\/2021\/04\/IMG_8891-1.jpg' \/><\/a><div class='box_content'><h3 >Cometa Pla, \ud83d\udccdBarcelona<\/h3><p >Realizamos el restaurante Cometa Pla de la ciudad de Barcelona. A\u00f1o 2017<\/p><a itemprop='url' class='qbutton tiny' href='http:\/\/inoximes.es\/index.php\/cometa-pla\/' target='_self'>VER M\u00c1S<\/a><\/div><\/div><\/li><li><div class='box'><a itemprop='url' class='thumb' href='http:\/\/inoximes.es\/index.php\/fabrica-mafriges\/' target='_self'><img itemprop='image' alt='Fabricaci\u00f3n Mafriges, \ud83d\udccdTorell\u00f3' src='http:\/\/inoximes.es\/wp-content\/uploads\/2021\/04\/IMG-20160409-WA0005-2.jpg' \/><\/a><div class='box_content'><h3 >Fabricaci\u00f3n Mafriges, \ud83d\udccdTorell\u00f3<\/h3><p >Proyecto para f\u00e1brica Mafriges en Torell\u00f3. A\u00f1o 2017<\/p><a itemprop='url' class='qbutton tiny' href='http:\/\/inoximes.es\/index.php\/fabrica-mafriges\/' target='_self'>VER M\u00c1S<\/a><\/div><\/div><\/li><li><div class='box'><a itemprop='url' class='thumb' href='http:\/\/inoximes.es\/index.php\/cockteleria-raimon\/' target='_self'><img itemprop='image' alt='Cockteler\u00eda Raimon, \ud83d\udccdBarcelona' src='http:\/\/inoximes.es\/wp-content\/uploads\/2021\/04\/IMG_4635-1.jpg' \/><\/a><div class='box_content'><h3 >Cockteler\u00eda Raimon, \ud83d\udccdBarcelona<\/h3><p >Proyecto para la cocteler\u00eda Raimon en Barcelona. A\u00f1o 2016<\/p><a itemprop='url' class='qbutton tiny' href='http:\/\/inoximes.es\/index.php\/cockteleria-raimon\/' target='_self'>VER M\u00c1S<\/a><\/div><\/div><\/li><\/ul><\/div>[vc_separator type=\u00bbtransparent\u00bb thickness=\u00bb0&#8243; up=\u00bb0&#8243; down=\u00bb32&#8243;]<div class='cover_boxes' data-active-element='2'><ul class='clearfix'><li><div class='box'><a itemprop='url' class='thumb' href='http:\/\/inoximes.es\/index.php\/restaurante-monvinic\/' target='_self'><img itemprop='image' alt='Restaurante Monv\u00ednic \ud83d\udccdBarcelona' src='http:\/\/inoximes.es\/wp-content\/uploads\/2021\/04\/IMG_8220-1.jpg' \/><\/a><div class='box_content'><h3 >Restaurante Monv\u00ednic \ud83d\udccdBarcelona<\/h3><p >Realizamos la cocina del restaurante Monv\u00ednic<\/p><a itemprop='url' class='qbutton tiny' href='http:\/\/inoximes.es\/index.php\/restaurante-monvinic\/' target='_self'>VER M\u00c1S<\/a><\/div><\/div><\/li><li><div class='box'><a itemprop='url' class='thumb' href='http:\/\/inoximes.es\/index.php\/hotel-leonardo\/' target='_self'><img itemprop='image' alt='Hotel Leonardo \ud83d\udccd Barcelona' src='http:\/\/inoximes.es\/wp-content\/uploads\/2021\/04\/Cocktelero-terraza-2-2.jpg' \/><\/a><div class='box_content'><h3 >Hotel Leonardo \ud83d\udccd Barcelona<\/h3><p >Realizamos un mueble cocktelero para el rooftop del Hotel Leonardo en Barcelona<\/p><a itemprop='url' class='qbutton tiny' href='http:\/\/inoximes.es\/index.php\/hotel-leonardo\/' target='_self'>VER M\u00c1S<\/a><\/div><\/div><\/li><li><div class='box'><a itemprop='url' class='thumb' href='http:\/\/inoximes.es\/index.php\/escola-minguella\/' target='_self'><img itemprop='image' alt='Escuela Minguella\ud83d\udccdBadalona' src='http:\/\/inoximes.es\/wp-content\/uploads\/2021\/04\/IMG_1314-1.jpg' \/><\/a><div class='box_content'><h3 >Escuela Minguella\ud83d\udccdBadalona<\/h3><p >Proyecto para la escuela Minguella en Badalona<\/p><a itemprop='url' class='qbutton tiny' href='http:\/\/inoximes.es\/index.php\/escola-minguella\/' target='_self'>VER M\u00c1S<\/a><\/div><\/div><\/li><\/ul><\/div>[vc_separator type=\u00bbtransparent\u00bb thickness=\u00bb0&#8243; up=\u00bb0&#8243; down=\u00bb32&#8243;]<div class='cover_boxes' data-active-element='2'><ul class='clearfix'><li><div class='box'><a itemprop='url' class='thumb' href='http:\/\/inoximes.es\/index.php\/escuela-de-hosteleria-figueres\/' target='_self'><img itemprop='image' alt='Escuela de hosteler\u00eda \ud83d\udccdFigueres' src='http:\/\/inoximes.es\/wp-content\/uploads\/2021\/04\/Escola-Hosteleria-Figueres-01-1.jpg' \/><\/a><div class='box_content'><h3 >Escuela de hosteler\u00eda \ud83d\udccdFigueres<\/h3><p >Proyecto para la escuela de Hoteler\u00eda de Figueres<\/p><a itemprop='url' class='qbutton tiny' href='http:\/\/inoximes.es\/index.php\/escuela-de-hosteleria-figueres\/' target='_self'>VER M\u00c1S<\/a><\/div><\/div><\/li><li><div class='box'><a itemprop='url' class='thumb' href='#' target='_self'><img itemprop='image' alt='' src='' \/><\/a><div class='box_content'><h3 ><\/h3><p ><\/p><\/div><\/div><\/li><li><div class='box'><a itemprop='url' class='thumb' href='#' target='_self'><img itemprop='image' alt='' src='' \/><\/a><div class='box_content'><h3 ><\/h3><p ><\/p><\/div><\/div><\/li><\/ul><\/div>[\/vc_column][\/vc_row]<\/p>\n","protected":false},"excerpt":{"rendered":"<p>[vc_row css_animation=\u00bb\u00bb row_type=\u00bbrow\u00bb use_row_as_full_screen_section=\u00bbno\u00bb type=\u00bbgrid\u00bb angled_section=\u00bbno\u00bb text_align=\u00bbcenter\u00bb background_image_as_pattern=\u00bbwithout_pattern\u00bb css=\u00bb.vc_custom_1456908710304{padding-top: 112px !important;padding-bottom: 60px !important;}\u00bb][vc_column offset=\u00bbvc_col-lg-offset-3 vc_col-lg-6&#8243;][vc_separator type=\u00bbtransparent\u00bb up=\u00bb20&#8243; down=\u00bb0&#8243;][vc_column_text] Realizamos todo tipo de proyectos a medida Plant\u00e9anos tu idea y haremos realidad tus sue\u00f1os [\/vc_column_text][\/vc_column][\/vc_row][vc_row css_animation=\u00bb\u00bb row_type=\u00bbrow\u00bb use_row_as_full_screen_section=\u00bbno\u00bb type=\u00bbgrid\u00bb angled_section=\u00bbno\u00bb text_align=\u00bbleft\u00bb background_image_as_pattern=\u00bbwithout_pattern\u00bb css=\u00bb.vc_custom_1458125096985{padding-bottom: 150px !important;}\u00bb][vc_column][vc_separator type=\u00bbtransparent\u00bb&#8230;<\/p>\n","protected":false},"author":1,"featured_media":0,"parent":0,"menu_order":0,"comment_status":"closed","ping_status":"closed","template":"full_width.php","meta":[],"_links":{"self":[{"href":"http:\/\/inoximes.es\/index.php\/wp-json\/wp\/v2\/pages\/287"}],"collection":[{"href":"http:\/\/inoximes.es\/index.php\/wp-json\/wp\/v2\/pages"}],"about":[{"href":"http:\/\/inoximes.es\/index.php\/wp-json\/wp\/v2\/types\/page"}],"author":[{"embeddable":true,"href":"http:\/\/inoximes.es\/index.php\/wp-json\/wp\/v2\/users\/1"}],"replies":[{"embeddable":true,"href":"http:\/\/inoximes.es\/index.php\/wp-json\/wp\/v2\/comments?post=287"}],"version-history":[{"count":28,"href":"http:\/\/inoximes.es\/index.php\/wp-json\/wp\/v2\/pages\/287\/revisions"}],"predecessor-version":[{"id":1032,"href":"http:\/\/inoximes.es\/index.php\/wp-json\/wp\/v2\/pages\/287\/revisions\/1032"}],"wp:attachment":[{"href":"http:\/\/inoximes.es\/index.php\/wp-json\/wp\/v2\/media?parent=287"}],"curies":[{"name":"wp","href":"https:\/\/api.w.org\/{rel}","templated":true}]}}