{"id":507,"date":"2021-02-23T15:38:58","date_gmt":"2021-02-23T15:38:58","guid":{"rendered":"http:\/\/inoximes.es\/?page_id=507"},"modified":"2021-02-23T22:51:04","modified_gmt":"2021-02-23T22:51:04","slug":"particular","status":"publish","type":"page","link":"http:\/\/inoximes.es\/index.php\/particular\/","title":{"rendered":"Particular"},"content":{"rendered":"<p>[vc_row css_animation=\u00bb\u00bb row_type=\u00bbrow\u00bb use_row_as_full_screen_section=\u00bbno\u00bb type=\u00bbgrid\u00bb angled_section=\u00bbno\u00bb text_align=\u00bbcenter\u00bb background_image_as_pattern=\u00bbwithout_pattern\u00bb css=\u00bb.vc_custom_1614100536595{padding-top: 40px !important;padding-bottom: 60px !important;}\u00bb z_index=\u00bb\u00bb][vc_column offset=\u00bbvc_col-lg-offset-3 vc_col-lg-6&#8243;][vc_column_text]<\/p>\n<h2 style=\"text-align: center;\">\u00bfConoces las ventajas del inoxidable para tu cocina particular?<\/h2>\n<p>[\/vc_column_text][vc_separator type=\u00bbtransparent\u00bb up=\u00bb20&#8243; down=\u00bb0&#8243;][vc_separator type=\u00bbtransparent\u00bb up=\u00bb20&#8243; down=\u00bb0&#8243;][vc_column_text]<\/p>\n<h3 style=\"text-align: center;\">\ud83d\udc4c\ud83c\udffb Facil mantenimiento y limpieza<br \/>\n\ud83d\udd25 Resiste al fuego y a las temperaturas extremas<br \/>\n\ud83d\udc68\ud83c\udffb\u200d\ud83c\udf73 Higiene como requisito b\u00e1sico para tu cocina<br \/>\n\ud83d\udca6 Mayor resistencia a la humedad<br \/>\n\ud83e\udd17 larga vida<br \/>\n\ud83e\udd52 No le cambia el sabor a los alimentos<br \/>\n\ud83d\udda4 Es agradable a la vista con dise\u00f1os m\u00e1s innovadores y est\u00e9ticos<\/h3>\n<p>[\/vc_column_text][\/vc_column][\/vc_row][vc_row css_animation=\u00bb\u00bb row_type=\u00bbrow\u00bb use_row_as_full_screen_section=\u00bbno\u00bb type=\u00bbfull_width\u00bb angled_section=\u00bbno\u00bb text_align=\u00bbleft\u00bb background_image_as_pattern=\u00bbwithout_pattern\u00bb][vc_column][vc_gallery type=\u00bbimage_grid\u00bb images=\u00bb766,767,768,769,770,771,772,773,774,775,776,777,778,779,780&#8243; column_number=\u00bb5&#8243; grayscale=\u00bbno\u00bb images_space=\u00bbgallery_with_space\u00bb][\/vc_column][\/vc_row]<\/p>\n","protected":false},"excerpt":{"rendered":"<p>[vc_row css_animation=\u00bb\u00bb row_type=\u00bbrow\u00bb use_row_as_full_screen_section=\u00bbno\u00bb type=\u00bbgrid\u00bb angled_section=\u00bbno\u00bb text_align=\u00bbcenter\u00bb background_image_as_pattern=\u00bbwithout_pattern\u00bb css=\u00bb.vc_custom_1614100536595{padding-top: 40px !important;padding-bottom: 60px !important;}\u00bb z_index=\u00bb\u00bb][vc_column offset=\u00bbvc_col-lg-offset-3 vc_col-lg-6&#8243;][vc_column_text] \u00bfConoces las ventajas del inoxidable para tu cocina particular? [\/vc_column_text][vc_separator type=\u00bbtransparent\u00bb up=\u00bb20&#8243; down=\u00bb0&#8243;][vc_separator type=\u00bbtransparent\u00bb up=\u00bb20&#8243; down=\u00bb0&#8243;][vc_column_text] \ud83d\udc4c\ud83c\udffb Facil mantenimiento y limpieza \ud83d\udd25 Resiste al fuego y a las temperaturas&#8230;<\/p>\n","protected":false},"author":1,"featured_media":0,"parent":0,"menu_order":0,"comment_status":"closed","ping_status":"closed","template":"","meta":[],"_links":{"self":[{"href":"http:\/\/inoximes.es\/index.php\/wp-json\/wp\/v2\/pages\/507"}],"collection":[{"href":"http:\/\/inoximes.es\/index.php\/wp-json\/wp\/v2\/pages"}],"about":[{"href":"http:\/\/inoximes.es\/index.php\/wp-json\/wp\/v2\/types\/page"}],"author":[{"embeddable":true,"href":"http:\/\/inoximes.es\/index.php\/wp-json\/wp\/v2\/users\/1"}],"replies":[{"embeddable":true,"href":"http:\/\/inoximes.es\/index.php\/wp-json\/wp\/v2\/comments?post=507"}],"version-history":[{"count":13,"href":"http:\/\/inoximes.es\/index.php\/wp-json\/wp\/v2\/pages\/507\/revisions"}],"predecessor-version":[{"id":520,"href":"http:\/\/inoximes.es\/index.php\/wp-json\/wp\/v2\/pages\/507\/revisions\/520"}],"wp:attachment":[{"href":"http:\/\/inoximes.es\/index.php\/wp-json\/wp\/v2\/media?parent=507"}],"curies":[{"name":"wp","href":"https:\/\/api.w.org\/{rel}","templated":true}]}}