{"id":8,"date":"2016-02-17T14:14:27","date_gmt":"2016-02-17T14:14:27","guid":{"rendered":"http:\/\/bridge8.qodeinteractive.com\/?page_id=8"},"modified":"2021-04-09T09:22:49","modified_gmt":"2021-04-09T09:22:49","slug":"home","status":"publish","type":"page","link":"http:\/\/inoximes.es\/","title":{"rendered":"Inicio"},"content":{"rendered":"<p>[vc_row css_animation=\u00bb\u00bb row_type=\u00bbrow\u00bb use_row_as_full_screen_section=\u00bbno\u00bb type=\u00bbgrid\u00bb angled_section=\u00bbno\u00bb text_align=\u00bbcenter\u00bb background_image_as_pattern=\u00bbwithout_pattern\u00bb padding_top=\u00bb140&#8243;][vc_column offset=\u00bbvc_col-lg-offset-3 vc_col-lg-6&#8243;][vc_column_text]<\/p>\n<h2>Realizamos tu sue\u00f1o a medida<\/h2>\n<p>[\/vc_column_text][vc_separator type=\u00bbtransparent\u00bb up=\u00bb20&#8243; down=\u00bb0&#8243;][vc_column_text]<\/p>\n<h3 style=\"text-align: center;\">Somos especialistas en dise\u00f1o y fabricaci\u00f3n<\/h3>\n<h3 style=\"text-align: center;\">de productos de acero inoxidable<\/h3>\n<p>[\/vc_column_text][\/vc_column][\/vc_row][vc_row css_animation=\u00bb\u00bb row_type=\u00bbrow\u00bb use_row_as_full_screen_section=\u00bbno\u00bb type=\u00bbgrid\u00bb angled_section=\u00bbno\u00bb text_align=\u00bbcenter\u00bb background_image_as_pattern=\u00bbwithout_pattern\u00bb padding_top=\u00bb65&#8243; padding_bottom=\u00bb84&#8243;][vc_column width=\u00bb1\/2&#8243; offset=\u00bbvc_col-lg-3 vc_col-md-3&#8243;]<span data-type=\"normal\" data-hover-icon-color=\"#33bb9b\" class=\"qode_icon_shortcode  q_font_awsome_icon fa-lg pull-center \" style=\" \"><i class=\"qodef-icon-linea-icon icon-basic-home qode_icon_element\" style=\"font-size: 60px;color: #303030;\" ><\/i><\/span>[vc_separator type=\u00bbtransparent\u00bb up=\u00bb40&#8243; down=\u00bb0&#8243;][vc_column_text]<\/p>\n<h4>\u00bfQU\u00c9 HACEMOS?<\/h4>\n<p>[\/vc_column_text][vc_separator type=\u00bbtransparent\u00bb up=\u00bb25&#8243; down=\u00bb0&#8243;][vc_column_text]<\/p>\n<p style=\"text-align: center;\">Ofrecemos soluciones de inoxidable a medida seg\u00fan las necesidades de nuestros clientes.<\/p>\n<p>[\/vc_column_text][vc_separator type=\u00bbtransparent\u00bb up=\u00bb56&#8243; down=\u00bb0&#8243;][\/vc_column][vc_column width=\u00bb1\/2&#8243; offset=\u00bbvc_col-lg-3 vc_col-md-3&#8243;]<span data-type=\"normal\" data-hover-icon-color=\"#33bb9b\" class=\"qode_icon_shortcode  q_font_awsome_icon fa-lg pull-center \" style=\" \"><i class=\"qodef-icon-linea-icon icon-basic-hammer qode_icon_element\" style=\"font-size: 60px;color: #303030;\" ><\/i><\/span>[vc_separator type=\u00bbtransparent\u00bb up=\u00bb40&#8243; down=\u00bb0&#8243;][vc_column_text]<\/p>\n<h4>\u00bfC\u00d3MO LO HACEMOS?<\/h4>\n<p>[\/vc_column_text][vc_separator type=\u00bbtransparent\u00bb up=\u00bb25&#8243; down=\u00bb0&#8243;][vc_column_text]<\/p>\n<p style=\"text-align: center;\">Dise\u00f1amos tu proyecto, lo creamos, lo instalamos y mantenemos nuestra responsabilidad despu\u00e9s de la instalaci\u00f3n.<\/p>\n<p>[\/vc_column_text][vc_separator type=\u00bbtransparent\u00bb up=\u00bb56&#8243; down=\u00bb0&#8243;][\/vc_column][vc_column width=\u00bb1\/2&#8243; offset=\u00bbvc_col-lg-3 vc_col-md-3&#8243;]<span data-type=\"normal\" data-hover-icon-color=\"#33bb9b\" class=\"qode_icon_shortcode  q_font_awsome_icon fa-lg pull-center \" style=\" \"><i class=\"qodef-icon-linea-icon icon-basic-star qode_icon_element\" style=\"font-size: 60px;color: #303030;\" ><\/i><\/span>[vc_separator type=\u00bbtransparent\u00bb up=\u00bb40&#8243; down=\u00bb0&#8243;][vc_column_text]<\/p>\n<h4>\u00bfPARA QUI\u00c9N?<\/h4>\n<p>[\/vc_column_text][vc_separator type=\u00bbtransparent\u00bb up=\u00bb25&#8243; down=\u00bb0&#8243;][vc_column_text]<\/p>\n<p style=\"text-align: center;\">Trabajamos principalmente para el sector servicios como la restauraci\u00f3n y la hosteler\u00eda, para escuelas y para particulares.<\/p>\n<p>[\/vc_column_text][vc_separator type=\u00bbtransparent\u00bb up=\u00bb56&#8243; down=\u00bb0&#8243;][\/vc_column][vc_column width=\u00bb1\/2&#8243; offset=\u00bbvc_col-lg-3 vc_col-md-3&#8243;]<span data-type=\"normal\" data-hover-icon-color=\"#33bb9b\" class=\"qode_icon_shortcode  q_font_awsome_icon fa-lg pull-center \" style=\" \"><i class=\"qodef-icon-linea-icon icon-basic-geolocalize-01 qode_icon_element\" style=\"font-size: 60px;color: #303030;\" ><\/i><\/span>[vc_separator type=\u00bbtransparent\u00bb up=\u00bb40&#8243; down=\u00bb0&#8243;][vc_column_text]<\/p>\n<h4>\u00bfD\u00d3NDE TRABAJAMOS?<\/h4>\n<p>[\/vc_column_text][vc_separator type=\u00bbtransparent\u00bb up=\u00bb25&#8243; down=\u00bb0&#8243;][vc_column_text]<\/p>\n<p style=\"text-align: center;\">Realizamos proyectos dentro de la Pen\u00ednsula, Baleares, Canarias y otros pa\u00edses Europeos.<\/p>\n<p>[\/vc_column_text][vc_separator type=\u00bbtransparent\u00bb up=\u00bb56&#8243; down=\u00bb0&#8243;][\/vc_column][\/vc_row][vc_row row_type=\u00bbparallax\u00bb parallax_content_width=\u00bbin_grid\u00bb text_align=\u00bbcenter\u00bb full_screen_section_height=\u00bbno\u00bb background_image=\u00bb856&#8243; css=\u00bb.vc_custom_1617958486487{background-position: center !important;background-repeat: no-repeat !important;background-size: cover !important;}\u00bb][vc_column][vc_separator type=\u00bbtransparent\u00bb thickness=\u00bb0&#8243; up=\u00bb124&#8243; down=\u00bb0&#8243;][vc_row_inner row_type=\u00bbparallax\u00bb text_align=\u00bbright\u00bb full_screen_section_height=\u00bbyes\u00bb][vc_column_inner width=\u00bb1\/2&#8243; offset=\u00bbvc_col-lg-3 vc_col-md-3&#8243;]<div class=\"q_counter_holder  center\" style=\"\" data-digit=\"30\"><span class=\"counter  zero\" style=\"\">30<\/span><p class=\"counter_text\" style=\"\">A\u00f1os de experiencia<\/p><\/div>[\/vc_column_inner][vc_column_inner width=\u00bb1\/2&#8243; offset=\u00bbvc_col-lg-3 vc_col-md-3&#8243;]<div class=\"q_counter_holder  center\" style=\"\" data-digit=\"20\"><span class=\"counter  zero\" style=\"\">20<\/span><p class=\"counter_text\" style=\"\">hoteles<\/p><\/div>[\/vc_column_inner][vc_column_inner width=\u00bb1\/2&#8243; offset=\u00bbvc_col-lg-3 vc_col-md-3&#8243;]<div class=\"q_counter_holder  center\" style=\"\" data-digit=\"200\"><span class=\"counter  zero\" style=\"\">200<\/span><p class=\"counter_text\" style=\"\">bares y restaurantes<\/p><\/div>[\/vc_column_inner][vc_column_inner width=\u00bb1\/2&#8243; offset=\u00bbvc_col-lg-3 vc_col-md-3&#8243;]<div class=\"q_counter_holder  center\" style=\"\" data-digit=\"12 escuelas\"><span class=\"counter  zero\" style=\"\">12 escuelas<\/span><p class=\"counter_text\" style=\"\">escuelas<\/p><\/div>[\/vc_column_inner][\/vc_row_inner][vc_separator type=\u00bbtransparent\u00bb thickness=\u00bb0&#8243; up=\u00bb112&#8243; down=\u00bb0&#8243;][\/vc_column][\/vc_row][vc_row css_animation=\u00bb\u00bb row_type=\u00bbrow\u00bb use_row_as_full_screen_section=\u00bbno\u00bb type=\u00bbgrid\u00bb angled_section=\u00bbno\u00bb text_align=\u00bbcenter\u00bb background_image_as_pattern=\u00bbwithout_pattern\u00bb padding_top=\u00bb140&#8243; padding_bottom=\u00bb60&#8243;][vc_column offset=\u00bbvc_col-lg-offset-3 vc_col-lg-6&#8243;][vc_column_text]<\/p>\n<h2>Con\u00f3cenos<\/h2>\n<p>[\/vc_column_text][vc_separator type=\u00bbtransparent\u00bb up=\u00bb20&#8243; down=\u00bb0&#8243;][vc_column_text]<\/p>\n<h3 style=\"text-align: center;\">Una empresa tradicional y familiar especialista en acero inoxidable<\/h3>\n<p>[\/vc_column_text][\/vc_column][\/vc_row][vc_row css_animation=\u00bb\u00bb row_type=\u00bbrow\u00bb use_row_as_full_screen_section=\u00bbno\u00bb type=\u00bbgrid\u00bb angled_section=\u00bbno\u00bb text_align=\u00bbcenter\u00bb background_image_as_pattern=\u00bbwithout_pattern\u00bb padding_bottom=\u00bb73&#8243;][vc_column offset=\u00bbvc_col-lg-4 vc_col-md-4&#8243;][vc_single_image image=\u00bb861&#8243; img_size=\u00bbfull\u00bb alignment=\u00bbcenter\u00bb qode_css_animation=\u00bb\u00bb][vc_separator type=\u00bbtransparent\u00bb up=\u00bb35&#8243; down=\u00bb0&#8243;][vc_column_text]<\/p>\n<h4>EXPERIENCIA<\/h4>\n<p>[\/vc_column_text][vc_separator type=\u00bbtransparent\u00bb up=\u00bb25&#8243; down=\u00bb0&#8243;][vc_column_text]<\/p>\n<p style=\"text-align: center;\">INOX I M\u00c9S es una empresa familiar que acumula m\u00e1s de 30 a\u00f1os de experiencia en el sector de la fabricaci\u00f3n y comercializaci\u00f3n de maquinaria de inoxidable para proyectos empresariales y particulares.<\/p>\n<p>[\/vc_column_text][vc_separator type=\u00bbtransparent\u00bb up=\u00bb67&#8243; down=\u00bb0&#8243;][\/vc_column][vc_column offset=\u00bbvc_col-lg-4 vc_col-md-4&#8243;][vc_single_image image=\u00bb862&#8243; img_size=\u00bbfull\u00bb alignment=\u00bbcenter\u00bb qode_css_animation=\u00bb\u00bb][vc_separator type=\u00bbtransparent\u00bb up=\u00bb35&#8243; down=\u00bb0&#8243;][vc_column_text]<\/p>\n<h4>SOSTENIBILIDAD<\/h4>\n<p>[\/vc_column_text][vc_separator type=\u00bbtransparent\u00bb up=\u00bb25&#8243; down=\u00bb0&#8243;][vc_column_text]<\/p>\n<p id=\"tw-target-text\" class=\"tw-data-text tw-text-large XcVN5d tw-ta\" dir=\"ltr\" style=\"text-align: center;\" data-placeholder=\"Traducci\u00f3n\"><span lang=\"es\">Disponemos de un gran centro de producci\u00f3n situado en Blanes (Girona), donde contribuimos a la sostenibilidad y respeto por el medio ambiente, mediante reciclaje y reutilizaci\u00f3n de materiales.<\/span><\/p>\n<p>[\/vc_column_text][vc_separator type=\u00bbtransparent\u00bb up=\u00bb67&#8243; down=\u00bb0&#8243;][\/vc_column][vc_column offset=\u00bbvc_col-lg-4 vc_col-md-4&#8243;][vc_single_image image=\u00bb863&#8243; img_size=\u00bbfull\u00bb alignment=\u00bbcenter\u00bb qode_css_animation=\u00bb\u00bb][vc_separator type=\u00bbtransparent\u00bb up=\u00bb35&#8243; down=\u00bb0&#8243;][vc_column_text]<\/p>\n<h4>NUESTRA MISI\u00d3N<\/h4>\n<p>[\/vc_column_text][vc_separator type=\u00bbtransparent\u00bb up=\u00bb25&#8243; down=\u00bb0&#8243;][vc_column_text]<\/p>\n<p style=\"text-align: center;\">Nuestro principal valor es el compromiso con nuestros clientes buscando soluciones que se adapten a sus necesidades elevando su proyecto a un nivel optimo de productividad, rentabilidad y competencia.<\/p>\n<p>[\/vc_column_text][vc_separator type=\u00bbtransparent\u00bb up=\u00bb67&#8243; down=\u00bb0&#8243;][\/vc_column][\/vc_row][vc_row row_type=\u00bbparallax\u00bb parallax_content_width=\u00bbfull_width\u00bb text_align=\u00bbcenter\u00bb full_screen_section_height=\u00bbno\u00bb background_image=\u00bb52&#8243; css=\u00bb.vc_custom_1614953332287{background-position: center !important;background-repeat: no-repeat !important;background-size: cover !important;}\u00bb][vc_column][vc_separator type=\u00bbtransparent\u00bb thickness=\u00bb0&#8243; up=\u00bb141&#8243; down=\u00bb0&#8243;][vc_row_inner row_type=\u00bbrow\u00bb type=\u00bbgrid\u00bb text_align=\u00bbcenter\u00bb css_animation=\u00bb\u00bb css=\u00bb.vc_custom_1617959271271{padding-top: -20px !important;background-image: url(http:\/\/inoximes.es\/wp-content\/uploads\/2021\/02\/IMG_7650.jpg?id=480) !important;background-position: center !important;background-repeat: no-repeat !important;background-size: cover !important;}\u00bb][vc_column_inner offset=\u00bbvc_col-lg-offset-0 vc_col-lg-6 vc_col-md-offset-0 vc_col-md-6 vc_col-sm-offset-0&#8243; css=\u00bb.vc_custom_1614953360581{padding-right: 6% !important;padding-left: 6% !important;}\u00bb][vc_empty_space height=\u00bb30px\u00bb][vc_column_text]<\/p>\n<h2 style=\"text-align: center;\"><span style=\"color: #ffffff;\">Proyectos destacados<\/span><\/h2>\n<p>[\/vc_column_text][vc_separator type=\u00bbtransparent\u00bb up=\u00bb45&#8243; down=\u00bb0&#8243;][vc_empty_space height=\u00bb30px\u00bb]<a  itemprop=\"url\" href=\"http:\/\/inoximes.es\/index.php\/services\/\" target=\"_self\" data-hover-background-color='#ffffff' data-hover-border-color='#ffffff' data-hover-color='#303030' class=\"qbutton  medium enlarge\" style=\"color: #ffffff; border-color: #ffffff; font-style: normal; background-color: rgba(255,255,255,0.01);\">\u00a1ECHA UN VISTAZO!<\/a>[vc_separator type=\u00bbtransparent\u00bb up=\u00bb52&#8243; down=\u00bb0&#8243;][\/vc_column_inner][vc_column_inner offset=\u00bbvc_col-lg-6 vc_col-md-6&#8243;][vc_empty_space height=\u00bb60px\u00bb][vc_separator type=\u00bbtransparent\u00bb thickness=\u00bb0&#8243; up=\u00bb4&#8243; down=\u00bb0&#8243;][vc_column_text]<\/p>\n<h4><span style=\"color: #ffffff;\">\u00bfNECESITAS PRESUPUESTO?<\/span><\/h4>\n<p>[\/vc_column_text][vc_empty_space height=\u00bb60px\u00bb][vc_separator type=\u00bbtransparent\u00bb thickness=\u00bb0&#8243; up=\u00bb4&#8243; down=\u00bb0&#8243;]<a  itemprop=\"url\" href=\"http:\/\/inoximes.es\/index.php\/contact-us\/\" target=\"_self\"  class=\"qbutton  medium white default\" style=\"font-style: normal; \">CONT\u00c1CTANOS AQU\u00cd<\/a>[vc_separator type=\u00bbtransparent\u00bb up=\u00bb52&#8243; down=\u00bb0&#8243;][\/vc_column_inner][\/vc_row_inner][vc_separator type=\u00bbtransparent\u00bb thickness=\u00bb0&#8243; up=\u00bb95&#8243; down=\u00bb0&#8243;][\/vc_column][\/vc_row]<\/p>\n","protected":false},"excerpt":{"rendered":"<p>[vc_row css_animation=\u00bb\u00bb row_type=\u00bbrow\u00bb use_row_as_full_screen_section=\u00bbno\u00bb type=\u00bbgrid\u00bb angled_section=\u00bbno\u00bb text_align=\u00bbcenter\u00bb background_image_as_pattern=\u00bbwithout_pattern\u00bb padding_top=\u00bb140&#8243;][vc_column offset=\u00bbvc_col-lg-offset-3 vc_col-lg-6&#8243;][vc_column_text] Realizamos tu sue\u00f1o a medida [\/vc_column_text][vc_separator type=\u00bbtransparent\u00bb up=\u00bb20&#8243; down=\u00bb0&#8243;][vc_column_text] Somos especialistas en dise\u00f1o y fabricaci\u00f3n de productos de acero inoxidable [\/vc_column_text][\/vc_column][\/vc_row][vc_row css_animation=\u00bb\u00bb row_type=\u00bbrow\u00bb use_row_as_full_screen_section=\u00bbno\u00bb type=\u00bbgrid\u00bb angled_section=\u00bbno\u00bb text_align=\u00bbcenter\u00bb background_image_as_pattern=\u00bbwithout_pattern\u00bb padding_top=\u00bb65&#8243; padding_bottom=\u00bb84&#8243;][vc_column width=\u00bb1\/2&#8243; offset=\u00bbvc_col-lg-3 vc_col-md-3&#8243;][vc_separator type=\u00bbtransparent\u00bb&#8230;<\/p>\n","protected":false},"author":1,"featured_media":0,"parent":0,"menu_order":0,"comment_status":"closed","ping_status":"closed","template":"","meta":[],"_links":{"self":[{"href":"http:\/\/inoximes.es\/index.php\/wp-json\/wp\/v2\/pages\/8"}],"collection":[{"href":"http:\/\/inoximes.es\/index.php\/wp-json\/wp\/v2\/pages"}],"about":[{"href":"http:\/\/inoximes.es\/index.php\/wp-json\/wp\/v2\/types\/page"}],"author":[{"embeddable":true,"href":"http:\/\/inoximes.es\/index.php\/wp-json\/wp\/v2\/users\/1"}],"replies":[{"embeddable":true,"href":"http:\/\/inoximes.es\/index.php\/wp-json\/wp\/v2\/comments?post=8"}],"version-history":[{"count":82,"href":"http:\/\/inoximes.es\/index.php\/wp-json\/wp\/v2\/pages\/8\/revisions"}],"predecessor-version":[{"id":868,"href":"http:\/\/inoximes.es\/index.php\/wp-json\/wp\/v2\/pages\/8\/revisions\/868"}],"wp:attachment":[{"href":"http:\/\/inoximes.es\/index.php\/wp-json\/wp\/v2\/media?parent=8"}],"curies":[{"name":"wp","href":"https:\/\/api.w.org\/{rel}","templated":true}]}}